{"id":53,"date":"2022-01-31T14:51:23","date_gmt":"2022-01-31T14:51:23","guid":{"rendered":"https:\/\/auri.de\/?page_id=53"},"modified":"2025-12-04T13:16:21","modified_gmt":"2025-12-04T13:16:21","slug":"startseite","status":"publish","type":"page","link":"https:\/\/auri.de\/","title":{"rendered":"Urlaub in Th\u00fcringen"},"content":{"rendered":"<p>Sie suchen ein G\u00e4stezimmer, Privatzimmer in Th\u00fcringen, ein g\u00fcnstiges Monteurzimmer, eine g\u00fcnstige Unterkunft, eine g\u00fcnstige \u00dcbernachtungsm\u00f6glichkeit f\u00fcr Durchreisende. Oder sind Sie auf der Suche nach einem sch\u00f6nen Wochenendaufenthalt im Grabfeld, Kreis Schmalkalden Meiningen. Wandern Sie an der Bayrischen Grenze das Gr\u00fcne Band (Grenze) ab. Unsere Ferienwohnung ist sehr gut an die Autobahn A71 (7km) angebunden!<br \/>\n<strong><em>Dann sind Sie bei uns genau richtig!<\/em><\/strong><br \/>\n<em>Fahrradfreunde sind bei uns ebenso herzlich willkommen!<\/em><br \/>\n<em>Entlang der Werra gibt es einen sehr sch\u00f6nen Fahrradweg oder auch Spazierwege um den Abend zu genie\u00dfen.<\/em><\/p>\n<p><img fetchpriority=\"high\" decoding=\"async\" class=\" wp-image-334\" src=\"https:\/\/auri.de\/wp-content\/uploads\/2023\/05\/IMG_20201228_094424-300x231.jpg\" alt=\"\" width=\"444\" height=\"342\" srcset=\"https:\/\/auri.de\/wp-content\/uploads\/2023\/05\/IMG_20201228_094424-300x231.jpg 300w, https:\/\/auri.de\/wp-content\/uploads\/2023\/05\/IMG_20201228_094424-1024x790.jpg 1024w, https:\/\/auri.de\/wp-content\/uploads\/2023\/05\/IMG_20201228_094424-768x593.jpg 768w, https:\/\/auri.de\/wp-content\/uploads\/2023\/05\/IMG_20201228_094424-1536x1185.jpg 1536w, https:\/\/auri.de\/wp-content\/uploads\/2023\/05\/IMG_20201228_094424-2048x1580.jpg 2048w\" sizes=\"(max-width: 444px) 100vw, 444px\" \/><\/p>\n<p><a href=\"https:\/\/auri.de\/?page_id=190\">M\u00f6glichkeiten<\/a><\/p>\n<p><strong><em>Wir freuen uns auf Ihren Besuch! (\t\n\t\t\t<span class='wpgear_counter_hits'>\n\t\t\t\t168177\t\t\t<\/span>\n\t\t\t)<\/em><\/strong><\/p>\n<p><strong>Ferienwohnung\u00a0<\/strong>Detlef &amp; Marina Heydrich<\/p>\n<p>Alte Weinstrasse 10, 98631 Grabfeld \/OT Schwickershausen<\/p>\n<p>Tel.: 017660192634\u00a0 \u00a0info@auri.de<\/p>\n<p>Stornierung jederzeit m\u00f6glich!<\/p>\n<p><a href=\"https:\/\/auri.de\/?page_id=10\">Belegung \u2013 Buchungsanfrage<\/a><\/p>\n<p><a href=\"https:\/\/auri.de\/?page_id=12\">Anfahrt<\/a><\/p>\n","protected":false},"excerpt":{"rendered":"<p>Sie suchen ein G\u00e4stezimmer, Privatzimmer in Th\u00fcringen, ein g\u00fcnstiges Monteurzimmer, eine g\u00fcnstige Unterkunft, eine g\u00fcnstige \u00dcbernachtungsm\u00f6glichkeit f\u00fcr Durchreisende. Oder sind Sie auf der Suche nach einem sch\u00f6nen Wochenendaufenthalt im Grabfeld, Kreis Schmalkalden Meiningen. Wandern Sie an der Bayrischen Grenze das <a href=\"https:\/\/auri.de\/\" class=\"read-more\">Weiterlesen<\/a><\/p>\n","protected":false},"author":1,"featured_media":0,"parent":0,"menu_order":0,"comment_status":"closed","ping_status":"closed","template":"","meta":{"footnotes":""},"class_list":["post-53","page","type-page","status-publish","hentry"],"_links":{"self":[{"href":"https:\/\/auri.de\/index.php?rest_route=\/wp\/v2\/pages\/53","targetHints":{"allow":["GET"]}}],"collection":[{"href":"https:\/\/auri.de\/index.php?rest_route=\/wp\/v2\/pages"}],"about":[{"href":"https:\/\/auri.de\/index.php?rest_route=\/wp\/v2\/types\/page"}],"author":[{"embeddable":true,"href":"https:\/\/auri.de\/index.php?rest_route=\/wp\/v2\/users\/1"}],"replies":[{"embeddable":true,"href":"https:\/\/auri.de\/index.php?rest_route=%2Fwp%2Fv2%2Fcomments&post=53"}],"version-history":[{"count":58,"href":"https:\/\/auri.de\/index.php?rest_route=\/wp\/v2\/pages\/53\/revisions"}],"predecessor-version":[{"id":470,"href":"https:\/\/auri.de\/index.php?rest_route=\/wp\/v2\/pages\/53\/revisions\/470"}],"wp:attachment":[{"href":"https:\/\/auri.de\/index.php?rest_route=%2Fwp%2Fv2%2Fmedia&parent=53"}],"curies":[{"name":"wp","href":"https:\/\/api.w.org\/{rel}","templated":true}]}}