{"id":8,"date":"2022-01-31T12:50:40","date_gmt":"2022-01-31T12:50:40","guid":{"rendered":"https:\/\/auri.de\/?page_id=8"},"modified":"2025-11-18T12:05:10","modified_gmt":"2025-11-18T12:05:10","slug":"preise","status":"publish","type":"page","link":"https:\/\/auri.de\/?page_id=8","title":{"rendered":"Preise"},"content":{"rendered":"<p>Ferienwohnung &#8211; M\u00f6blierte Keller-Wohnung:<\/p>\n<p>-Ruhige Lage, Fenster in Dreifachverglasung<\/p>\n<p>-Wohnzimmer &#8211; TV (mit Netflix)<\/p>\n<p>-Schlafzimmer, Bettw\u00e4sche inklusive<\/p>\n<p>-K\u00fcche mit Cerankochfelder, Grill, Microwelle, K\u00fchlschrank mit Tiefk\u00fchlfach, Toaster, Kaffeemaschine<\/p>\n<p>-modernes Bad mit Fu\u00dfbodenheizung, F\u00f6n, Handt\u00fccher<\/p>\n<p>-Parkplatz am Haus (auf dem Grundst\u00fcck)<\/p>\n<p>-Tagespreis: 50,-\u20ac (1-2 Personen)<br \/>\n-jede weitere Personen \/ Tag\u00a0 \u00a0 (25,00 \u20ac)<br \/>\n-Kinder bis 12 Jahre kostenlos<\/p>\n<p>-Fr\u00fchst\u00fcck auf unserer Terrasse (10\u20ac pro Person)<\/p>\n<p><img fetchpriority=\"high\" decoding=\"async\" class=\"alignnone wp-image-445 \" src=\"https:\/\/auri.de\/wp-content\/uploads\/2025\/01\/fruehstueck1-scaled.jpg\" alt=\"\" width=\"326\" height=\"245\" srcset=\"https:\/\/auri.de\/wp-content\/uploads\/2025\/01\/fruehstueck1-scaled.jpg 2560w, https:\/\/auri.de\/wp-content\/uploads\/2025\/01\/fruehstueck1-300x225.jpg 300w, https:\/\/auri.de\/wp-content\/uploads\/2025\/01\/fruehstueck1-1024x768.jpg 1024w, https:\/\/auri.de\/wp-content\/uploads\/2025\/01\/fruehstueck1-768x576.jpg 768w, https:\/\/auri.de\/wp-content\/uploads\/2025\/01\/fruehstueck1-1536x1152.jpg 1536w, https:\/\/auri.de\/wp-content\/uploads\/2025\/01\/fruehstueck1-2048x1536.jpg 2048w\" sizes=\"(max-width: 326px) 100vw, 326px\" \/><\/p>\n<p><img decoding=\"async\" class=\"alignnone wp-image-446 \" src=\"https:\/\/auri.de\/wp-content\/uploads\/2025\/01\/fruehstueck2-scaled.jpg\" alt=\"\" width=\"327\" height=\"245\" srcset=\"https:\/\/auri.de\/wp-content\/uploads\/2025\/01\/fruehstueck2-scaled.jpg 2560w, https:\/\/auri.de\/wp-content\/uploads\/2025\/01\/fruehstueck2-300x225.jpg 300w, https:\/\/auri.de\/wp-content\/uploads\/2025\/01\/fruehstueck2-1024x768.jpg 1024w, https:\/\/auri.de\/wp-content\/uploads\/2025\/01\/fruehstueck2-768x576.jpg 768w, https:\/\/auri.de\/wp-content\/uploads\/2025\/01\/fruehstueck2-1536x1152.jpg 1536w, https:\/\/auri.de\/wp-content\/uploads\/2025\/01\/fruehstueck2-2048x1536.jpg 2048w\" sizes=\"(max-width: 327px) 100vw, 327px\" \/><\/p>\n<p><img decoding=\"async\" class=\"alignnone wp-image-269 \" src=\"https:\/\/auri.de\/wp-content\/uploads\/2022\/11\/IMG_20220920_170518-1-scaled.jpg\" alt=\"\" width=\"328\" height=\"246\" srcset=\"https:\/\/auri.de\/wp-content\/uploads\/2022\/11\/IMG_20220920_170518-1-scaled.jpg 2560w, https:\/\/auri.de\/wp-content\/uploads\/2022\/11\/IMG_20220920_170518-1-300x225.jpg 300w, https:\/\/auri.de\/wp-content\/uploads\/2022\/11\/IMG_20220920_170518-1-1024x768.jpg 1024w, https:\/\/auri.de\/wp-content\/uploads\/2022\/11\/IMG_20220920_170518-1-768x576.jpg 768w, https:\/\/auri.de\/wp-content\/uploads\/2022\/11\/IMG_20220920_170518-1-1536x1152.jpg 1536w, https:\/\/auri.de\/wp-content\/uploads\/2022\/11\/IMG_20220920_170518-1-2048x1536.jpg 2048w\" sizes=\"(max-width: 328px) 100vw, 328px\" \/><\/p>\n<p>T\u00e4glich frische Eier von gl\u00fccklichen H\u00fchnern<\/p>\n<p><img loading=\"lazy\" decoding=\"async\" class=\"alignnone wp-image-271 \" src=\"https:\/\/auri.de\/wp-content\/uploads\/2022\/11\/IMG_20211115_154248-1-scaled.jpg\" alt=\"\" width=\"324\" height=\"324\" srcset=\"https:\/\/auri.de\/wp-content\/uploads\/2022\/11\/IMG_20211115_154248-1-scaled.jpg 2560w, https:\/\/auri.de\/wp-content\/uploads\/2022\/11\/IMG_20211115_154248-1-300x300.jpg 300w, https:\/\/auri.de\/wp-content\/uploads\/2022\/11\/IMG_20211115_154248-1-1024x1024.jpg 1024w, https:\/\/auri.de\/wp-content\/uploads\/2022\/11\/IMG_20211115_154248-1-150x150.jpg 150w, https:\/\/auri.de\/wp-content\/uploads\/2022\/11\/IMG_20211115_154248-1-768x768.jpg 768w, https:\/\/auri.de\/wp-content\/uploads\/2022\/11\/IMG_20211115_154248-1-1536x1536.jpg 1536w, https:\/\/auri.de\/wp-content\/uploads\/2022\/11\/IMG_20211115_154248-1-2048x2048.jpg 2048w\" sizes=\"(max-width: 324px) 100vw, 324px\" \/><\/p>\n<p>(Strom + Wasserverbrauch im Preis enthalten)<\/p>\n<p>Aufbettung f\u00fcr zus\u00e4tzlich 2 Personen m\u00f6glich (Kinder kostenlos)<\/p>\n<p>Endreinigung: 20,00 \u20ac f\u00fcr Reinigung, Desinfizieren, Strom, Wasser, Heizung, Bettw\u00e4sche und Handt\u00fccher<\/p>\n<p>WLAN im Preis enthalten.<\/p>\n<p>Stornierung jederzeit m\u00f6glich!<\/p>\n<p><img loading=\"lazy\" decoding=\"async\" class=\"alignnone wp-image-408\" src=\"https:\/\/auri.de\/wp-content\/uploads\/2024\/09\/kartenzahlung.webp\" alt=\"\" width=\"232\" height=\"232\" align=\"middle\" \/> Kartenzahlung m\u00f6glich<\/p>\n<p><a href=\"https:\/\/auri.de\/?page_id=10\">Belegung-Buchungskalender<\/a><\/p>\n","protected":false},"excerpt":{"rendered":"<p>Ferienwohnung &#8211; M\u00f6blierte Keller-Wohnung: -Ruhige Lage, Fenster in Dreifachverglasung -Wohnzimmer &#8211; TV (mit Netflix) -Schlafzimmer, Bettw\u00e4sche inklusive -K\u00fcche mit Cerankochfelder, Grill, Microwelle, K\u00fchlschrank mit Tiefk\u00fchlfach, Toaster, Kaffeemaschine -modernes Bad mit Fu\u00dfbodenheizung, F\u00f6n, Handt\u00fccher -Parkplatz am Haus (auf dem Grundst\u00fcck) -Tagespreis: <a href=\"https:\/\/auri.de\/?page_id=8\" class=\"read-more\">Weiterlesen<\/a><\/p>\n","protected":false},"author":1,"featured_media":0,"parent":0,"menu_order":0,"comment_status":"closed","ping_status":"closed","template":"","meta":{"footnotes":""},"class_list":["post-8","page","type-page","status-publish","hentry"],"_links":{"self":[{"href":"https:\/\/auri.de\/index.php?rest_route=\/wp\/v2\/pages\/8","targetHints":{"allow":["GET"]}}],"collection":[{"href":"https:\/\/auri.de\/index.php?rest_route=\/wp\/v2\/pages"}],"about":[{"href":"https:\/\/auri.de\/index.php?rest_route=\/wp\/v2\/types\/page"}],"author":[{"embeddable":true,"href":"https:\/\/auri.de\/index.php?rest_route=\/wp\/v2\/users\/1"}],"replies":[{"embeddable":true,"href":"https:\/\/auri.de\/index.php?rest_route=%2Fwp%2Fv2%2Fcomments&post=8"}],"version-history":[{"count":52,"href":"https:\/\/auri.de\/index.php?rest_route=\/wp\/v2\/pages\/8\/revisions"}],"predecessor-version":[{"id":468,"href":"https:\/\/auri.de\/index.php?rest_route=\/wp\/v2\/pages\/8\/revisions\/468"}],"wp:attachment":[{"href":"https:\/\/auri.de\/index.php?rest_route=%2Fwp%2Fv2%2Fmedia&parent=8"}],"curies":[{"name":"wp","href":"https:\/\/api.w.org\/{rel}","templated":true}]}}